{"id":4392,"date":"2023-08-25T14:24:52","date_gmt":"2023-08-25T14:24:52","guid":{"rendered":"http:\/\/65.109.236.43\/sikkerhetspolicy\/"},"modified":"2025-04-11T08:13:03","modified_gmt":"2025-04-11T08:13:03","slug":"sikkerhetspolicy","status":"publish","type":"page","link":"https:\/\/appsco.com\/public\/no\/sikkerhetspolicy\/","title":{"rendered":"Sikkerhetspolicy"},"content":{"rendered":"\r\n<h3 class=\"wp-block-heading\" data-start=\"126\" data-end=\"144\"><strong data-start=\"130\" data-end=\"144\">Innledning<\/strong><\/h3>\r\n<p class=\"\" data-start=\"146\" data-end=\"433\">Form\u00e5let med denne Datasikkerhetspolicyen (&laquo;Policyen&raquo;) er \u00e5 beskrive sikkerhetspolicyen til AppsCo Workforce AS med hensyn til kundeinformasjon, inkludert \u2013 men ikke begrenset til \u2013 personlig informasjon som samles inn og behandles gjennom AppsCo Workforce AS sine nettbaserte tjenester.<\/p>\r\n<p class=\"\" data-start=\"435\" data-end=\"721\">Spesifikt er denne policyen ment \u00e5 identifisere AppsCo Workforce AS sine retningslinjer, prosedyrer, revisjons- og oppl\u00e6ringsrutiner for datasikkerhet, samt v\u00e5rt ansvar for \u00e5 beskytte personlig informasjon mot tap, misbruk, uautorisert tilgang, offentliggj\u00f8ring, endring og \u00f8deleggelse.<\/p>\r\n<h3 class=\"\" data-start=\"728\" data-end=\"754\"><strong data-start=\"732\" data-end=\"754\">Personopplysninger<\/strong><\/h3>\r\n<p class=\"\" data-start=\"756\" data-end=\"1265\">AppsCo Workforce AS tilbyr kundene sine nettbaserte databehandlingstjenester. I denne rollen eier eller kontrollerer vi ikke informasjonen vi behandler p\u00e5 vegne av kundene v\u00e5re; all slik informasjon eies og kontrolleres av kundene selv. Denne kundeinformasjonen lagres hos en uavhengig tredjeparts databehandler i et sikkert datasenter, p\u00e5 herdede systemer som benytter bransjestandarder for datasikkerhet. Tilgang til denne informasjonen er begrenset til autorisert personell, i henhold til driftsprosedyrer.<\/p>\r\n<p class=\"\" data-start=\"1267\" data-end=\"1645\">AppsCo Workforce AS samler ogs\u00e5 inn personopplysninger fra identifiserbare personer i forbindelse med produktregistrering, kundest\u00f8tte og gjennomf\u00f8ring av transaksjoner. Denne informasjonen kan lagres p\u00e5 AppsCo Workforce AS sitt interne nettverk eller i offline arkivsystemer. Tilgang til informasjonen er begrenset til autorisert personell i henhold til interne retningslinjer.<\/p>\r\n<h3 class=\"\" data-start=\"1652\" data-end=\"1678\"><strong data-start=\"1656\" data-end=\"1678\">Sikkerhetsstrategi<\/strong><\/h3>\r\n<p class=\"\" data-start=\"1680\" data-end=\"1834\">De neste seksjonene beskriver AppsCo Workforce AS sin helhetlige tiln\u00e6rming for \u00e5 sikre samsvar med denne policyen. Strategien dekker fire hovedomr\u00e5der:<\/p>\r\n<ol data-start=\"1835\" data-end=\"1900\">\r\n<li class=\"\" data-start=\"1835\" data-end=\"1849\">\r\n<p class=\"\" data-start=\"1838\" data-end=\"1849\">Sikkerhet<\/p>\r\n<\/li>\r\n<li class=\"\" data-start=\"1850\" data-end=\"1875\">\r\n<p class=\"\" data-start=\"1853\" data-end=\"1875\">Oppl\u00e6ring av ansatte<\/p>\r\n<\/li>\r\n<li class=\"\" data-start=\"1876\" data-end=\"1889\">\r\n<p class=\"\" data-start=\"1879\" data-end=\"1889\">Revisjon<\/p>\r\n<\/li>\r\n<li class=\"\" data-start=\"1890\" data-end=\"1900\">\r\n<p class=\"\" data-start=\"1893\" data-end=\"1900\">Avtaler<\/p>\r\n<\/li>\r\n<\/ol>\r\n<h3 class=\"\" data-start=\"1907\" data-end=\"1924\"><strong data-start=\"1911\" data-end=\"1924\">Sikkerhet<\/strong><\/h3>\r\n<p class=\"\" data-start=\"1926\" data-end=\"2148\">Sikkerheten til data er grunnsteinen i personvern. AppsCo Workforce AS opprettholder en streng sikkerhetspraksis gjennom en metodisk tiln\u00e6rming basert p\u00e5 beste praksis og sikkerhetspolicyer innen f\u00f8lgende fem hovedomr\u00e5der:<\/p>\r\n<ul data-start=\"2150\" data-end=\"2334\">\r\n<li class=\"\" data-start=\"2150\" data-end=\"2182\">\r\n<p class=\"\" data-start=\"2152\" data-end=\"2182\">Regulatoriske kontrolltiltak<\/p>\r\n<\/li>\r\n<li class=\"\" data-start=\"2183\" data-end=\"2217\">\r\n<p class=\"\" data-start=\"2185\" data-end=\"2217\">Organisatoriske kontrolltiltak<\/p>\r\n<\/li>\r\n<li class=\"\" data-start=\"2218\" data-end=\"2255\">\r\n<p class=\"\" data-start=\"2220\" data-end=\"2255\">Kontroll hos tjenesteleverand\u00f8rer<\/p>\r\n<\/li>\r\n<li class=\"\" data-start=\"2256\" data-end=\"2297\">\r\n<p class=\"\" data-start=\"2258\" data-end=\"2297\">Standardiserte prosesser og praksiser<\/p>\r\n<\/li>\r\n<li class=\"\" data-start=\"2298\" data-end=\"2334\">\r\n<p class=\"\" data-start=\"2300\" data-end=\"2334\">Kontroll hos forretningspartnere<\/p>\r\n<\/li>\r\n<\/ul>\r\n<p class=\"\" data-start=\"2336\" data-end=\"2406\">N\u00f8kkelpolicyer som bidrar til etterlevelse og verifikasjon inkluderer:<\/p>\r\n<ul data-start=\"2408\" data-end=\"2992\">\r\n<li class=\"\" data-start=\"2408\" data-end=\"2439\">\r\n<p class=\"\" data-start=\"2410\" data-end=\"2439\">Bevisstgj\u00f8ring og oppl\u00e6ring<\/p>\r\n<\/li>\r\n<li class=\"\" data-start=\"2440\" data-end=\"2459\">\r\n<p class=\"\" data-start=\"2442\" data-end=\"2459\">Personalrutiner<\/p>\r\n<\/li>\r\n<li class=\"\" data-start=\"2460\" data-end=\"2495\">\r\n<p class=\"\" data-start=\"2462\" data-end=\"2495\">Administrative roller og ansvar<\/p>\r\n<\/li>\r\n<li class=\"\" data-start=\"2496\" data-end=\"2558\">\r\n<p class=\"\" data-start=\"2498\" data-end=\"2558\">Retningslinjer for bruk av datamaskin, e-post og internett<\/p>\r\n<\/li>\r\n<li class=\"\" data-start=\"2559\" data-end=\"2604\">\r\n<p class=\"\" data-start=\"2561\" data-end=\"2604\">Nettverks- og telekommunikasjonssikkerhet<\/p>\r\n<\/li>\r\n<li class=\"\" data-start=\"2605\" data-end=\"2643\">\r\n<p class=\"\" data-start=\"2607\" data-end=\"2643\">Hendelsesdeteksjon og rapportering<\/p>\r\n<\/li>\r\n<li class=\"\" data-start=\"2644\" data-end=\"2690\">\r\n<p class=\"\" data-start=\"2646\" data-end=\"2690\">Beskyttelse mot ondsinnet kode (antivirus)<\/p>\r\n<\/li>\r\n<li class=\"\" data-start=\"2691\" data-end=\"2710\">\r\n<p class=\"\" data-start=\"2693\" data-end=\"2710\">B\u00e6rbare enheter<\/p>\r\n<\/li>\r\n<li class=\"\" data-start=\"2711\" data-end=\"2738\">\r\n<p class=\"\" data-start=\"2713\" data-end=\"2738\">Logisk og systemtilgang<\/p>\r\n<\/li>\r\n<li class=\"\" data-start=\"2739\" data-end=\"2757\">\r\n<p class=\"\" data-start=\"2741\" data-end=\"2757\">Fysisk tilgang<\/p>\r\n<\/li>\r\n<li class=\"\" data-start=\"2758\" data-end=\"2773\">\r\n<p class=\"\" data-start=\"2760\" data-end=\"2773\">Fjernaksess<\/p>\r\n<\/li>\r\n<li class=\"\" data-start=\"2774\" data-end=\"2800\">\r\n<p class=\"\" data-start=\"2776\" data-end=\"2800\">Brannmuradministrasjon<\/p>\r\n<\/li>\r\n<li class=\"\" data-start=\"2801\" data-end=\"2825\">\r\n<p class=\"\" data-start=\"2803\" data-end=\"2825\">Tredjepartstjenester<\/p>\r\n<\/li>\r\n<li class=\"\" data-start=\"2826\" data-end=\"2869\">\r\n<p class=\"\" data-start=\"2828\" data-end=\"2869\">Programvarelisensiering og korrekt bruk<\/p>\r\n<\/li>\r\n<li class=\"\" data-start=\"2870\" data-end=\"2896\">\r\n<p class=\"\" data-start=\"2872\" data-end=\"2896\">Revisjon og overv\u00e5king<\/p>\r\n<\/li>\r\n<li class=\"\" data-start=\"2897\" data-end=\"2968\">\r\n<p class=\"\" data-start=\"2899\" data-end=\"2968\">Dataklassifisering, konfidensialitet, integritet og tilgjengelighet<\/p>\r\n<\/li>\r\n<li class=\"\" data-start=\"2969\" data-end=\"2992\">\r\n<p class=\"\" data-start=\"2971\" data-end=\"2992\">Policy-etterlevelse<\/p>\r\n<\/li>\r\n<\/ul>\r\n<p class=\"\" data-start=\"2994\" data-end=\"3048\">Operasjonelle prosedyrer som viser samsvar inkluderer:<\/p>\r\n<ul data-start=\"3050\" data-end=\"3127\">\r\n<li class=\"\" data-start=\"3050\" data-end=\"3070\">\r\n<p class=\"\" data-start=\"3052\" data-end=\"3070\">Endringskontroll<\/p>\r\n<\/li>\r\n<li class=\"\" data-start=\"3071\" data-end=\"3094\">\r\n<p class=\"\" data-start=\"3073\" data-end=\"3094\">Hendelsesoverv\u00e5king<\/p>\r\n<\/li>\r\n<li class=\"\" data-start=\"3095\" data-end=\"3109\">\r\n<p class=\"\" data-start=\"3097\" data-end=\"3109\">Databackup<\/p>\r\n<\/li>\r\n<li class=\"\" data-start=\"3110\" data-end=\"3127\">\r\n<p class=\"\" data-start=\"3112\" data-end=\"3127\">Systemherding<\/p>\r\n<\/li>\r\n<\/ul>\r\n<p class=\"\" data-start=\"3129\" data-end=\"3212\">Alle nevnte policyer og prosedyrer er dokumentert og tilgjengelige for gjennomgang.<\/p>\r\n<h3 class=\"\" data-start=\"3219\" data-end=\"3239\"><strong data-start=\"3223\" data-end=\"3239\">V\u00e5re ansatte<\/strong><\/h3>\r\n<p class=\"\" data-start=\"3241\" data-end=\"3306\">V\u00e5re ansatte best\u00e5r av b\u00e5de fast ansatte og konsulenter\/innleide.<\/p>\r\n<h3 class=\"\" data-start=\"3313\" data-end=\"3341\"><strong data-start=\"3317\" data-end=\"3341\">Oppl\u00e6ring av ansatte<\/strong><\/h3>\r\n<p class=\"\" data-start=\"3343\" data-end=\"3475\">AppsCo Workforce AS informerer og forsterker sin Personvern- og informasjonskapselpolicy jevnlig overfor ansatte. Dette gj\u00f8res slik:<\/p>\r\n<ul data-start=\"3477\" data-end=\"3741\">\r\n<li class=\"\" data-start=\"3477\" data-end=\"3566\">\r\n<p class=\"\" data-start=\"3479\" data-end=\"3566\">Personvernpolicyen sendes p\u00e5 e-post til alle ansatte kvartalsvis og ved oppdateringer<\/p>\r\n<\/li>\r\n<li class=\"\" data-start=\"3567\" data-end=\"3621\">\r\n<p class=\"\" data-start=\"3569\" data-end=\"3621\">Den er synlig p\u00e5 AppsCo Workforce AS sitt nettsted<\/p>\r\n<\/li>\r\n<li class=\"\" data-start=\"3622\" data-end=\"3692\">\r\n<p class=\"\" data-start=\"3624\" data-end=\"3692\">Policyen presenteres og diskuteres minst \u00e9n gang i \u00e5ret p\u00e5 allm\u00f8te<\/p>\r\n<\/li>\r\n<li class=\"\" data-start=\"3693\" data-end=\"3741\">\r\n<p class=\"\" data-start=\"3695\" data-end=\"3741\">Den er fremhevet i fellesomr\u00e5der p\u00e5 kontoret<\/p>\r\n<\/li>\r\n<\/ul>\r\n<h3 class=\"\" data-start=\"3748\" data-end=\"3768\"><strong data-start=\"3752\" data-end=\"3768\">Verifisering<\/strong><\/h3>\r\n<p class=\"\" data-start=\"3770\" data-end=\"3906\">Denne sikkerhetspolicyen verifiseres jevnlig internt av sikkerhetsansvarlig i AppsCo Workforce AS. Sikkerhetsansvarlig er ansvarlig for:<\/p>\r\n<ul data-start=\"3908\" data-end=\"4188\">\r\n<li class=\"\" data-start=\"3908\" data-end=\"3998\">\r\n<p class=\"\" data-start=\"3910\" data-end=\"3998\">\u00c5 utvikle og implementere n\u00f8dvendige policyer, retningslinjer, prosedyrer og oppl\u00e6ring<\/p>\r\n<\/li>\r\n<li class=\"\" data-start=\"3999\" data-end=\"4088\">\r\n<p class=\"\" data-start=\"4001\" data-end=\"4088\">\u00c5 samarbeide med juridisk r\u00e5dgiver for \u00e5 sikre samsvar med relevante lover og avtaler<\/p>\r\n<\/li>\r\n<li class=\"\" data-start=\"4089\" data-end=\"4188\">\r\n<p class=\"\" data-start=\"4091\" data-end=\"4188\">\u00c5 overv\u00e5ke \u00e5rlige vurderinger av interne og eksterne praksiser for \u00e5 sikre samsvar med policyen<\/p>\r\n<\/li>\r\n<\/ul>\r\n<p class=\"\" data-start=\"4190\" data-end=\"4457\">I tillegg gjennomf\u00f8rer AppsCo Workforce AS minst \u00e9n \u00e5rlig sikkerhetsrevisjon gjennom interne revisjonsrutiner. Denne vurderingen omfatter fysisk sikkerhet, nettverkssikkerhet og driftskontroller, og er tilgjengelig for kunder, ansatte og interesserte ved foresp\u00f8rsel.<\/p>\r\n<h3 class=\"\" data-start=\"4464\" data-end=\"4479\"><strong data-start=\"4468\" data-end=\"4479\">Avtaler<\/strong><\/h3>\r\n<p class=\"\" data-start=\"4481\" data-end=\"4511\">F\u00f8r AppsCo Workforce AS enten:<\/p>\r\n<ol data-start=\"4512\" data-end=\"4613\">\r\n<li class=\"\" data-start=\"4512\" data-end=\"4578\">\r\n<p class=\"\" data-start=\"4515\" data-end=\"4578\">behandler personopplysninger p\u00e5 vegne av en tredjepart, eller<\/p>\r\n<\/li>\r\n<li class=\"\" data-start=\"4579\" data-end=\"4613\">\r\n<p class=\"\" data-start=\"4582\" data-end=\"4613\">overf\u00f8rer slike opplysninger,<\/p>\r\n<\/li>\r\n<\/ol>\r\n<p class=\"\" data-start=\"4615\" data-end=\"4721\">krever vi at det inng\u00e5s kontrakter som inneholder bestemmelser om datasikkerhet i tr\u00e5d med denne policyen.<\/p>\r\n<p class=\"\" data-start=\"4723\" data-end=\"4812\">Som ansettelsesvilk\u00e5r m\u00e5 alle ansatte i AppsCo Workforce AS signere en taushetserkl\u00e6ring.<\/p>\r\n","protected":false},"excerpt":{"rendered":"<p>Innledning Form\u00e5let med denne Datasikkerhetspolicyen (&laquo;Policyen&raquo;) er \u00e5 beskrive sikkerhetspolicyen [&hellip;]<\/p>\n","protected":false},"author":2,"featured_media":0,"parent":0,"menu_order":0,"comment_status":"closed","ping_status":"open","template":"","meta":{"footnotes":""},"yoast_head":"<!-- This site is optimized with the Yoast SEO plugin v21.1 - https:\/\/yoast.com\/wordpress\/plugins\/seo\/ -->\n<title>Sikkerhetspolicy - AppsCo<\/title>\n<meta name=\"robots\" content=\"index, follow, max-snippet:-1, max-image-preview:large, max-video-preview:-1\" \/>\n<link rel=\"canonical\" href=\"https:\/\/appsco.com\/public\/no\/sikkerhetspolicy\/\" \/>\n<meta property=\"og:locale\" content=\"nb_NO\" \/>\n<meta property=\"og:type\" content=\"article\" \/>\n<meta property=\"og:title\" content=\"Sikkerhetspolicy - AppsCo\" \/>\n<meta property=\"og:description\" content=\"Innledning Form\u00e5let med denne Datasikkerhetspolicyen (&laquo;Policyen&raquo;) er \u00e5 beskrive sikkerhetspolicyen [&hellip;]\" \/>\n<meta property=\"og:url\" content=\"https:\/\/appsco.com\/public\/no\/sikkerhetspolicy\/\" \/>\n<meta property=\"og:site_name\" content=\"AppsCo\" \/>\n<meta property=\"article:modified_time\" content=\"2025-04-11T08:13:03+00:00\" \/>\n<meta name=\"twitter:card\" content=\"summary_large_image\" \/>\n<meta name=\"twitter:label1\" content=\"Ansl. lesetid\" \/>\n\t<meta name=\"twitter:data1\" content=\"3 minutter\" \/>\n<script type=\"application\/ld+json\" class=\"yoast-schema-graph\">{\"@context\":\"https:\/\/schema.org\",\"@graph\":[{\"@type\":\"WebPage\",\"@id\":\"https:\/\/appsco.com\/public\/no\/sikkerhetspolicy\/\",\"url\":\"https:\/\/appsco.com\/public\/no\/sikkerhetspolicy\/\",\"name\":\"Sikkerhetspolicy - AppsCo\",\"isPartOf\":{\"@id\":\"https:\/\/appsco.com\/public\/#website\"},\"datePublished\":\"2023-08-25T14:24:52+00:00\",\"dateModified\":\"2025-04-11T08:13:03+00:00\",\"breadcrumb\":{\"@id\":\"https:\/\/appsco.com\/public\/no\/sikkerhetspolicy\/#breadcrumb\"},\"inLanguage\":\"nb-NO\",\"potentialAction\":[{\"@type\":\"ReadAction\",\"target\":[\"https:\/\/appsco.com\/public\/no\/sikkerhetspolicy\/\"]}]},{\"@type\":\"BreadcrumbList\",\"@id\":\"https:\/\/appsco.com\/public\/no\/sikkerhetspolicy\/#breadcrumb\",\"itemListElement\":[{\"@type\":\"ListItem\",\"position\":1,\"name\":\"Home\",\"item\":\"https:\/\/appsco.com\/public\/no\/hjem\/\"},{\"@type\":\"ListItem\",\"position\":2,\"name\":\"Sikkerhetspolicy\"}]},{\"@type\":\"WebSite\",\"@id\":\"https:\/\/appsco.com\/public\/#website\",\"url\":\"https:\/\/appsco.com\/public\/\",\"name\":\"Appsco\",\"description\":\"Reduce the Manual Work\",\"potentialAction\":[{\"@type\":\"SearchAction\",\"target\":{\"@type\":\"EntryPoint\",\"urlTemplate\":\"https:\/\/appsco.com\/public\/?s={search_term_string}\"},\"query-input\":\"required name=search_term_string\"}],\"inLanguage\":\"nb-NO\"}]}<\/script>\n<!-- \/ Yoast SEO plugin. -->","yoast_head_json":{"title":"Sikkerhetspolicy - AppsCo","robots":{"index":"index","follow":"follow","max-snippet":"max-snippet:-1","max-image-preview":"max-image-preview:large","max-video-preview":"max-video-preview:-1"},"canonical":"https:\/\/appsco.com\/public\/no\/sikkerhetspolicy\/","og_locale":"nb_NO","og_type":"article","og_title":"Sikkerhetspolicy - AppsCo","og_description":"Innledning Form\u00e5let med denne Datasikkerhetspolicyen (&laquo;Policyen&raquo;) er \u00e5 beskrive sikkerhetspolicyen [&hellip;]","og_url":"https:\/\/appsco.com\/public\/no\/sikkerhetspolicy\/","og_site_name":"AppsCo","article_modified_time":"2025-04-11T08:13:03+00:00","twitter_card":"summary_large_image","twitter_misc":{"Ansl. lesetid":"3 minutter"},"schema":{"@context":"https:\/\/schema.org","@graph":[{"@type":"WebPage","@id":"https:\/\/appsco.com\/public\/no\/sikkerhetspolicy\/","url":"https:\/\/appsco.com\/public\/no\/sikkerhetspolicy\/","name":"Sikkerhetspolicy - AppsCo","isPartOf":{"@id":"https:\/\/appsco.com\/public\/#website"},"datePublished":"2023-08-25T14:24:52+00:00","dateModified":"2025-04-11T08:13:03+00:00","breadcrumb":{"@id":"https:\/\/appsco.com\/public\/no\/sikkerhetspolicy\/#breadcrumb"},"inLanguage":"nb-NO","potentialAction":[{"@type":"ReadAction","target":["https:\/\/appsco.com\/public\/no\/sikkerhetspolicy\/"]}]},{"@type":"BreadcrumbList","@id":"https:\/\/appsco.com\/public\/no\/sikkerhetspolicy\/#breadcrumb","itemListElement":[{"@type":"ListItem","position":1,"name":"Home","item":"https:\/\/appsco.com\/public\/no\/hjem\/"},{"@type":"ListItem","position":2,"name":"Sikkerhetspolicy"}]},{"@type":"WebSite","@id":"https:\/\/appsco.com\/public\/#website","url":"https:\/\/appsco.com\/public\/","name":"Appsco","description":"Reduce the Manual Work","potentialAction":[{"@type":"SearchAction","target":{"@type":"EntryPoint","urlTemplate":"https:\/\/appsco.com\/public\/?s={search_term_string}"},"query-input":"required name=search_term_string"}],"inLanguage":"nb-NO"}]}},"_links":{"self":[{"href":"https:\/\/appsco.com\/public\/no\/wp-json\/wp\/v2\/pages\/4392"}],"collection":[{"href":"https:\/\/appsco.com\/public\/no\/wp-json\/wp\/v2\/pages"}],"about":[{"href":"https:\/\/appsco.com\/public\/no\/wp-json\/wp\/v2\/types\/page"}],"author":[{"embeddable":true,"href":"https:\/\/appsco.com\/public\/no\/wp-json\/wp\/v2\/users\/2"}],"replies":[{"embeddable":true,"href":"https:\/\/appsco.com\/public\/no\/wp-json\/wp\/v2\/comments?post=4392"}],"version-history":[{"count":4,"href":"https:\/\/appsco.com\/public\/no\/wp-json\/wp\/v2\/pages\/4392\/revisions"}],"predecessor-version":[{"id":5756,"href":"https:\/\/appsco.com\/public\/no\/wp-json\/wp\/v2\/pages\/4392\/revisions\/5756"}],"wp:attachment":[{"href":"https:\/\/appsco.com\/public\/no\/wp-json\/wp\/v2\/media?parent=4392"}],"curies":[{"name":"wp","href":"https:\/\/api.w.org\/{rel}","templated":true}]}}