{"id":4385,"date":"2023-08-25T14:27:55","date_gmt":"2023-08-25T14:27:55","guid":{"rendered":"http:\/\/65.109.236.43\/personvernerklaering\/"},"modified":"2025-04-11T08:05:19","modified_gmt":"2025-04-11T08:05:19","slug":"personvernerklaering","status":"publish","type":"page","link":"https:\/\/appsco.com\/public\/no\/personvernerklaering\/","title":{"rendered":"Personvernerkl\u00e6ring"},"content":{"rendered":"\r\n<p class=\"\" data-start=\"161\" data-end=\"318\"><strong data-start=\"161\" data-end=\"234\">AppsCo AS utviklet appen AppsCo One People som en gratis applikasjon.<\/strong><br data-start=\"234\" data-end=\"237\" \/>Denne TJENESTEN tilbys av AppsCo AS uten kostnad og er ment \u00e5 brukes slik den er.<\/p>\r\n<p class=\"\" data-start=\"320\" data-end=\"490\">Denne siden brukes til \u00e5 informere bes\u00f8kende om v\u00e5re retningslinjer vedr\u00f8rende innsamling, bruk og deling av personlig informasjon for de som velger \u00e5 bruke v\u00e5r tjeneste.<\/p>\r\n<p class=\"\" data-start=\"492\" data-end=\"812\">Dersom du velger \u00e5 bruke tjenesten v\u00e5r, samtykker du i innsamling og bruk av informasjon i samsvar med denne personvernerkl\u00e6ringen. Den personlige informasjonen vi samler inn brukes for \u00e5 tilby og forbedre tjenesten. Vi vil ikke bruke eller dele informasjonen din med andre enn slik det er beskrevet i denne erkl\u00e6ringen.<\/p>\r\n<p class=\"\" data-start=\"814\" data-end=\"955\">Begrepene som brukes i denne personvernerkl\u00e6ringen har samme betydning som i v\u00e5re Vilk\u00e5r og Betingelser, med mindre noe annet er spesifisert.<\/p>\r\n<h4 class=\"wp-block-heading\" id=\"information-collection-and-use\">Informasjonsinnsamling og bruk<\/h4>\r\n<p class=\"\" data-start=\"1001\" data-end=\"1260\">For en bedre brukeropplevelse kan det hende vi ber deg oppgi viss personlig identifiserbar informasjon, inkludert \u2013 men ikke begrenset til \u2013 Android Advertising ID. Informasjonen som vi ber om, vil bli lagret av oss og brukt som beskrevet i denne erkl\u00e6ringen.<\/p>\r\n<p class=\"\" data-start=\"1262\" data-end=\"1364\">Appen bruker tredjepartstjenester som kan samle inn informasjon som kan brukes til \u00e5 identifisere deg.<\/p>\r\n<p class=\"\" data-start=\"1366\" data-end=\"1448\"><strong data-start=\"1366\" data-end=\"1448\">Lenker til personvernerkl\u00e6ringer for tredjepartstjenester som brukes av appen:<\/strong><\/p>\r\n<ul>\r\n<li><a href=\"https:\/\/policies.google.com\/privacy\" target=\"_blank\" rel=\"noreferrer noopener\">Google Play Services<\/a><\/li>\r\n<li><a href=\"https:\/\/firebase.google.com\/policies\/analytics\" target=\"_blank\" rel=\"noreferrer noopener\">Firebase Analytics<\/a><\/li>\r\n<\/ul>\r\n<h4 id=\"log-data\">Logg data<\/h4>\r\n<p class=\"\" data-start=\"1520\" data-end=\"1919\">Vi \u00f8nsker \u00e5 informere deg om at n\u00e5r du bruker tjenesten v\u00e5r og det oppst\u00e5r en feil i appen, samler vi inn data og informasjon (via tredjepartsverkt\u00f8y) fra enheten din, kalt <strong data-start=\"1693\" data-end=\"1705\">loggdata<\/strong>. Disse loggdataene kan inneholde informasjon som IP-adressen til enheten din, enhetsnavn, operativsystemversjon, konfigurasjonen av appen ved bruk, tidspunkt og dato for bruk av tjenesten, samt andre statistikker.<\/p>\r\n<h4 id=\"cookies\">Informasjonskapsler<\/h4>\r\n<p class=\"\" data-start=\"1954\" data-end=\"2145\">Informasjonskapsler (cookies) er sm\u00e5 datafiler som ofte brukes som anonyme unike identifikatorer. De sendes til nettleseren din fra nettstedene du bes\u00f8ker, og lagres i enhetens interne minne.<\/p>\r\n<p class=\"\" data-start=\"2147\" data-end=\"2526\">Denne tjenesten bruker ikke disse &laquo;informasjonskapslene&raquo; eksplisitt. Men appen kan bruke tredjepartskode og biblioteker som benytter informasjonskapsler for \u00e5 samle inn informasjon og forbedre sine tjenester. Du kan velge \u00e5 godta eller avsl\u00e5 disse, og bli varslet n\u00e5r en informasjonskapsel sendes. Ved \u00e5 avsl\u00e5 dem, kan det hende enkelte deler av tjenesten ikke fungerer optimalt.<\/p>\r\n<h4 id=\"service-providers\">Tjenestetilbydere<\/h4>\r\n<p class=\"\" data-start=\"2559\" data-end=\"2633\">Vi kan benytte tredjepartsselskaper og enkeltpersoner av f\u00f8lgende grunner:<\/p>\r\n<ul data-start=\"2635\" data-end=\"2813\">\r\n<li class=\"\" data-start=\"2635\" data-end=\"2674\">\r\n<p class=\"\" data-start=\"2637\" data-end=\"2674\">For \u00e5 lette bruken av tjenesten v\u00e5r<\/p>\r\n<\/li>\r\n<li class=\"\" data-start=\"2675\" data-end=\"2714\">\r\n<p class=\"\" data-start=\"2677\" data-end=\"2714\">For \u00e5 tilby tjenesten p\u00e5 v\u00e5re vegne<\/p>\r\n<\/li>\r\n<li class=\"\" data-start=\"2715\" data-end=\"2758\">\r\n<p class=\"\" data-start=\"2717\" data-end=\"2758\">For \u00e5 utf\u00f8re tjenesterelaterte oppgaver<\/p>\r\n<\/li>\r\n<li class=\"\" data-start=\"2759\" data-end=\"2813\">\r\n<p class=\"\" data-start=\"2761\" data-end=\"2813\">For \u00e5 hjelpe oss med \u00e5 analysere bruken av tjenesten<\/p>\r\n<\/li>\r\n<\/ul>\r\n<p class=\"\" data-start=\"2815\" data-end=\"3045\">Vi informerer brukere om at disse tredjepartene kan f\u00e5 tilgang til din personlige informasjon utelukkende for \u00e5 utf\u00f8re spesifikke oppgaver p\u00e5 v\u00e5re vegne. De er forpliktet til \u00e5 ikke dele eller bruke informasjonen til andre form\u00e5l.<\/p>\r\n<h4 id=\"security\">Sikkerhet<\/h4>\r\n<p class=\"\" data-start=\"3070\" data-end=\"3379\">Vi verdsetter tilliten du viser ved \u00e5 dele din personlige informasjon, og vi streber etter \u00e5 bruke kommersielt akseptable metoder for \u00e5 beskytte den. Husk likevel at ingen metode for overf\u00f8ring over internett eller lagring elektronisk er 100 % sikker og p\u00e5litelig, og vi kan ikke garantere absolutt sikkerhet.<\/p>\r\n<h4 id=\"links-to-other-sites\">Lenker til andre nettsteder<\/h4>\r\n<p class=\"\" data-start=\"3422\" data-end=\"3823\">Denne tjenesten kan inneholde lenker til andre nettsteder. Hvis du klikker p\u00e5 en tredjepartslenke, vil du bli sendt videre til det aktuelle nettstedet. Merk at vi ikke opererer disse eksterne nettstedene. Vi anbefaler derfor sterkt at du leser personvernerkl\u00e6ringen deres. Vi har ingen kontroll over, og p\u00e5tar oss ikke ansvar for innhold, personvern eller praksis p\u00e5 tredjepartssider eller -tjenester.<\/p>\r\n<h4 id=\"children-s-privacy\">Personvern for barn<\/h4>\r\n<p class=\"\" data-start=\"3858\" data-end=\"4258\">Disse tjenestene er ikke rettet mot personer under 13 \u00e5r. Vi samler ikke bevisst inn personlig identifiserbar informasjon fra barn under 13. Skulle vi oppdage at et barn under 13 har gitt oss slik informasjon, vil vi umiddelbart slette det fra v\u00e5re systemer. Hvis du er forelder eller verge og vet at barnet ditt har gitt oss slik informasjon, vennligst kontakt oss slik at vi kan ta n\u00f8dvendige grep.<\/p>\r\n<h4 id=\"changes-to-this-privacy-policy\">Endringer i denne personvernerkl\u00e6ringen<\/h4>\r\n<p class=\"\" data-start=\"4313\" data-end=\"4516\">Vi kan oppdatere v\u00e5r personvernerkl\u00e6ring fra tid til annen. Vi anbefaler at du jevnlig gjennomg\u00e5r denne siden for eventuelle endringer. Eventuelle endringer vil tre i kraft umiddelbart etter publisering.<\/p>\r\n<h4 id=\"contact-us\">Kontakt oss<\/h4>\r\n<p>Hvis du har sp\u00f8rsm\u00e5l eller forslag ang\u00e5ende v\u00e5r personvernerkl\u00e6ring, ikke n\u00f8l med \u00e5 kontakte oss p\u00e5: <a href=\"mailto:post@appsco.com\">post@appsco.com.<\/a><\/p>\r\n","protected":false},"excerpt":{"rendered":"<p>AppsCo AS utviklet appen AppsCo One People som en gratis [&hellip;]<\/p>\n","protected":false},"author":2,"featured_media":0,"parent":0,"menu_order":0,"comment_status":"closed","ping_status":"open","template":"","meta":{"footnotes":""},"yoast_head":"<!-- This site is optimized with the Yoast SEO plugin v21.1 - https:\/\/yoast.com\/wordpress\/plugins\/seo\/ -->\n<title>Personvernerkl\u00e6ring - AppsCo<\/title>\n<meta name=\"robots\" content=\"index, follow, max-snippet:-1, max-image-preview:large, max-video-preview:-1\" \/>\n<link rel=\"canonical\" href=\"https:\/\/appsco.com\/public\/no\/personvernerklaering\/\" \/>\n<meta property=\"og:locale\" content=\"nb_NO\" \/>\n<meta property=\"og:type\" content=\"article\" \/>\n<meta property=\"og:title\" content=\"Personvernerkl\u00e6ring - AppsCo\" \/>\n<meta property=\"og:description\" content=\"AppsCo AS utviklet appen AppsCo One People som en gratis [&hellip;]\" \/>\n<meta property=\"og:url\" content=\"https:\/\/appsco.com\/public\/no\/personvernerklaering\/\" \/>\n<meta property=\"og:site_name\" content=\"AppsCo\" \/>\n<meta property=\"article:modified_time\" content=\"2025-04-11T08:05:19+00:00\" \/>\n<meta name=\"twitter:card\" content=\"summary_large_image\" \/>\n<meta name=\"twitter:label1\" content=\"Ansl. lesetid\" \/>\n\t<meta name=\"twitter:data1\" content=\"3 minutter\" \/>\n<script type=\"application\/ld+json\" class=\"yoast-schema-graph\">{\"@context\":\"https:\/\/schema.org\",\"@graph\":[{\"@type\":\"WebPage\",\"@id\":\"https:\/\/appsco.com\/public\/no\/personvernerklaering\/\",\"url\":\"https:\/\/appsco.com\/public\/no\/personvernerklaering\/\",\"name\":\"Personvernerkl\u00e6ring - AppsCo\",\"isPartOf\":{\"@id\":\"https:\/\/appsco.com\/public\/#website\"},\"datePublished\":\"2023-08-25T14:27:55+00:00\",\"dateModified\":\"2025-04-11T08:05:19+00:00\",\"breadcrumb\":{\"@id\":\"https:\/\/appsco.com\/public\/no\/personvernerklaering\/#breadcrumb\"},\"inLanguage\":\"nb-NO\",\"potentialAction\":[{\"@type\":\"ReadAction\",\"target\":[\"https:\/\/appsco.com\/public\/no\/personvernerklaering\/\"]}]},{\"@type\":\"BreadcrumbList\",\"@id\":\"https:\/\/appsco.com\/public\/no\/personvernerklaering\/#breadcrumb\",\"itemListElement\":[{\"@type\":\"ListItem\",\"position\":1,\"name\":\"Home\",\"item\":\"https:\/\/appsco.com\/public\/no\/hjem\/\"},{\"@type\":\"ListItem\",\"position\":2,\"name\":\"Personvernerkl\u00e6ring\"}]},{\"@type\":\"WebSite\",\"@id\":\"https:\/\/appsco.com\/public\/#website\",\"url\":\"https:\/\/appsco.com\/public\/\",\"name\":\"Appsco\",\"description\":\"Reduce the Manual Work\",\"potentialAction\":[{\"@type\":\"SearchAction\",\"target\":{\"@type\":\"EntryPoint\",\"urlTemplate\":\"https:\/\/appsco.com\/public\/?s={search_term_string}\"},\"query-input\":\"required name=search_term_string\"}],\"inLanguage\":\"nb-NO\"}]}<\/script>\n<!-- \/ Yoast SEO plugin. -->","yoast_head_json":{"title":"Personvernerkl\u00e6ring - AppsCo","robots":{"index":"index","follow":"follow","max-snippet":"max-snippet:-1","max-image-preview":"max-image-preview:large","max-video-preview":"max-video-preview:-1"},"canonical":"https:\/\/appsco.com\/public\/no\/personvernerklaering\/","og_locale":"nb_NO","og_type":"article","og_title":"Personvernerkl\u00e6ring - AppsCo","og_description":"AppsCo AS utviklet appen AppsCo One People som en gratis [&hellip;]","og_url":"https:\/\/appsco.com\/public\/no\/personvernerklaering\/","og_site_name":"AppsCo","article_modified_time":"2025-04-11T08:05:19+00:00","twitter_card":"summary_large_image","twitter_misc":{"Ansl. lesetid":"3 minutter"},"schema":{"@context":"https:\/\/schema.org","@graph":[{"@type":"WebPage","@id":"https:\/\/appsco.com\/public\/no\/personvernerklaering\/","url":"https:\/\/appsco.com\/public\/no\/personvernerklaering\/","name":"Personvernerkl\u00e6ring - AppsCo","isPartOf":{"@id":"https:\/\/appsco.com\/public\/#website"},"datePublished":"2023-08-25T14:27:55+00:00","dateModified":"2025-04-11T08:05:19+00:00","breadcrumb":{"@id":"https:\/\/appsco.com\/public\/no\/personvernerklaering\/#breadcrumb"},"inLanguage":"nb-NO","potentialAction":[{"@type":"ReadAction","target":["https:\/\/appsco.com\/public\/no\/personvernerklaering\/"]}]},{"@type":"BreadcrumbList","@id":"https:\/\/appsco.com\/public\/no\/personvernerklaering\/#breadcrumb","itemListElement":[{"@type":"ListItem","position":1,"name":"Home","item":"https:\/\/appsco.com\/public\/no\/hjem\/"},{"@type":"ListItem","position":2,"name":"Personvernerkl\u00e6ring"}]},{"@type":"WebSite","@id":"https:\/\/appsco.com\/public\/#website","url":"https:\/\/appsco.com\/public\/","name":"Appsco","description":"Reduce the Manual Work","potentialAction":[{"@type":"SearchAction","target":{"@type":"EntryPoint","urlTemplate":"https:\/\/appsco.com\/public\/?s={search_term_string}"},"query-input":"required name=search_term_string"}],"inLanguage":"nb-NO"}]}},"_links":{"self":[{"href":"https:\/\/appsco.com\/public\/no\/wp-json\/wp\/v2\/pages\/4385"}],"collection":[{"href":"https:\/\/appsco.com\/public\/no\/wp-json\/wp\/v2\/pages"}],"about":[{"href":"https:\/\/appsco.com\/public\/no\/wp-json\/wp\/v2\/types\/page"}],"author":[{"embeddable":true,"href":"https:\/\/appsco.com\/public\/no\/wp-json\/wp\/v2\/users\/2"}],"replies":[{"embeddable":true,"href":"https:\/\/appsco.com\/public\/no\/wp-json\/wp\/v2\/comments?post=4385"}],"version-history":[{"count":4,"href":"https:\/\/appsco.com\/public\/no\/wp-json\/wp\/v2\/pages\/4385\/revisions"}],"predecessor-version":[{"id":5752,"href":"https:\/\/appsco.com\/public\/no\/wp-json\/wp\/v2\/pages\/4385\/revisions\/5752"}],"wp:attachment":[{"href":"https:\/\/appsco.com\/public\/no\/wp-json\/wp\/v2\/media?parent=4385"}],"curies":[{"name":"wp","href":"https:\/\/api.w.org\/{rel}","templated":true}]}}